{"id":1469,"date":"2023-03-08T22:30:59","date_gmt":"2023-03-08T21:30:59","guid":{"rendered":"https:\/\/lican.fr\/?page_id=1469"},"modified":"2023-03-08T23:04:02","modified_gmt":"2023-03-08T22:04:02","slug":"lican-in-the-world","status":"publish","type":"page","link":"https:\/\/lican.fr\/?page_id=1469","title":{"rendered":"Les trajets du Lican"},"content":{"rendered":"\n<p>O\u00f9 sommes-nous ? O\u00f9 allons-nous ? <\/p>\n\n\n\n<p>C&rsquo;est une question philosophique que tout le monde se pose. A notre \u00e9chelle nous ne pouvons que vous proposer de d\u00e9couvrir la r\u00e9ponse pour le Lican. <\/p>\n\n\n\n<p>Il vous suffira de s\u00e9lectionner la zone (ex. USA ou Europe) pour d\u00e9couvrir nos p\u00e9r\u00e9grinations.<\/p>\n\n\n\n<p><a rel=\"noreferrer noopener\" href=\"https:\/\/www.polarsteps.com\/lican\" target=\"_blank\"><mark style=\"background-color:rgba(0, 0, 0, 0)\" class=\"has-inline-color has-luminous-vivid-amber-color\"><strong>Lican in the world<\/strong><\/mark><\/a><\/p>\n\n\n\n<p><\/p>\n","protected":false},"excerpt":{"rendered":"<p>O\u00f9 sommes-nous ? O\u00f9 allons-nous ? C&rsquo;est une question philosophique que tout le monde se pose. A notre \u00e9chelle nous ne pouvons que vous proposer de d\u00e9couvrir la r\u00e9ponse pour le Lican. Il vous suffira de s\u00e9lectionner la zone (ex. USA ou Europe) pour d\u00e9couvrir nos p\u00e9r\u00e9grinations. Lican in the world<\/p>\n","protected":false},"author":2,"featured_media":0,"parent":0,"menu_order":0,"comment_status":"closed","ping_status":"closed","template":"","meta":{"footnotes":""},"class_list":["post-1469","page","type-page","status-publish","hentry"],"_links":{"self":[{"href":"https:\/\/lican.fr\/index.php?rest_route=\/wp\/v2\/pages\/1469","targetHints":{"allow":["GET"]}}],"collection":[{"href":"https:\/\/lican.fr\/index.php?rest_route=\/wp\/v2\/pages"}],"about":[{"href":"https:\/\/lican.fr\/index.php?rest_route=\/wp\/v2\/types\/page"}],"author":[{"embeddable":true,"href":"https:\/\/lican.fr\/index.php?rest_route=\/wp\/v2\/users\/2"}],"replies":[{"embeddable":true,"href":"https:\/\/lican.fr\/index.php?rest_route=%2Fwp%2Fv2%2Fcomments&post=1469"}],"version-history":[{"count":7,"href":"https:\/\/lican.fr\/index.php?rest_route=\/wp\/v2\/pages\/1469\/revisions"}],"predecessor-version":[{"id":2782,"href":"https:\/\/lican.fr\/index.php?rest_route=\/wp\/v2\/pages\/1469\/revisions\/2782"}],"wp:attachment":[{"href":"https:\/\/lican.fr\/index.php?rest_route=%2Fwp%2Fv2%2Fmedia&parent=1469"}],"curies":[{"name":"wp","href":"https:\/\/api.w.org\/{rel}","templated":true}]}}