{"id":1747,"date":"2022-12-22T23:04:15","date_gmt":"2022-12-22T22:04:15","guid":{"rendered":"https:\/\/lican.fr\/?page_id=1747"},"modified":"2023-01-01T17:12:50","modified_gmt":"2023-01-01T16:12:50","slug":"le-lican-europe","status":"publish","type":"page","link":"https:\/\/lican.fr\/?page_id=1747","title":{"rendered":"Le Lican, Europe"},"content":{"rendered":"<div class=\"wp-block-image\">\n<figure class=\"aligncenter size-large is-resized\"><img loading=\"lazy\" decoding=\"async\" src=\"https:\/\/lican.fr\/wp-content\/uploads\/2023\/01\/IMG_20221227_132815_949-1-1024x1024.webp\" alt=\"\" class=\"wp-image-1960\" width=\"256\" height=\"256\" srcset=\"https:\/\/lican.fr\/wp-content\/uploads\/2023\/01\/IMG_20221227_132815_949-1-1024x1024.webp 1024w, https:\/\/lican.fr\/wp-content\/uploads\/2023\/01\/IMG_20221227_132815_949-1-300x300.webp 300w, https:\/\/lican.fr\/wp-content\/uploads\/2023\/01\/IMG_20221227_132815_949-1-150x150.webp 150w, https:\/\/lican.fr\/wp-content\/uploads\/2023\/01\/IMG_20221227_132815_949-1-768x768.webp 768w, https:\/\/lican.fr\/wp-content\/uploads\/2023\/01\/IMG_20221227_132815_949-1-275x275.webp 275w, https:\/\/lican.fr\/wp-content\/uploads\/2023\/01\/IMG_20221227_132815_949-1-66x66.webp 66w, https:\/\/lican.fr\/wp-content\/uploads\/2023\/01\/IMG_20221227_132815_949-1.webp 1080w\" sizes=\"auto, (max-width: 256px) 100vw, 256px\" \/><\/figure>\n<\/div>\n\n\n<h2 class=\"wp-block-heading\"><mark style=\"background-color:rgba(0, 0, 0, 0)\" class=\"has-inline-color has-vivid-purple-color\">Aspect g\u00e9n\u00e9ral<\/mark><\/h2>\n\n\n\n<p>C&rsquo;est un <em>La\u00efka X700<\/em>, sur ch\u00e2ssis <em>Ford<\/em>. <br>Il mesure&nbsp;7.30m de long,&nbsp;2.3m de large et&nbsp;3.04m de haut (4 petits centim\u00e8tres qui peuvent co\u00fbter cher sur certains autoroutes si on ne pr\u00eate pas attention \u00e0 la classe) pouvant rouler avec 5 personnes. <br>Il a une capacit\u00e9 de&nbsp;120L d&rsquo;eau propre.<\/p>\n\n\n<div class=\"wp-block-image\">\n<figure class=\"aligncenter size-full is-resized\"><img loading=\"lazy\" decoding=\"async\" src=\"https:\/\/lican.fr\/wp-content\/uploads\/2022\/12\/12_Lican1_1.jpg\" alt=\"\" class=\"wp-image-1730\" width=\"600\" height=\"450\" srcset=\"https:\/\/lican.fr\/wp-content\/uploads\/2022\/12\/12_Lican1_1.jpg 800w, https:\/\/lican.fr\/wp-content\/uploads\/2022\/12\/12_Lican1_1-300x225.jpg 300w, https:\/\/lican.fr\/wp-content\/uploads\/2022\/12\/12_Lican1_1-768x576.jpg 768w\" sizes=\"auto, (max-width: 600px) 100vw, 600px\" \/><\/figure>\n<\/div>\n\n\n<p><\/p>\n\n\n\n<p><strong><mark style=\"background-color:rgba(0, 0, 0, 0)\" class=\"has-inline-color has-vivid-cyan-blue-color\">L&rsquo;espace \u00e0 vivre est spacieux:<\/mark><\/strong><\/p>\n\n\n\n<ul class=\"wp-block-list\">\n<li>1 lit de&nbsp;150&#215;190&nbsp;dans la capucine,<\/li>\n\n\n\n<li>2 lits superpos\u00e9s \u00e0 l&rsquo;arri\u00e8re de 90&#215;190&nbsp;et 90&#215;200, d\u00e9tail qui a son importance lors du choix de la literie !<\/li>\n\n\n\n<li>Le coin repas pour 4 qui, en se baissant fait un couchage d&rsquo;appoint pour 2, et un coin dinette pour 2, qui en se baissant se transforme en banquette,<\/li>\n\n\n\n<li>La cuisine avec 3 feux gaz, un \u00e9vier et un frigo de bonne contenance avec un conservateur,<\/li>\n\n\n\n<li>La salle d&rsquo;eau avec douche, WC chimique et lavabo.<\/li>\n<\/ul>\n\n\n\n<figure class=\"wp-block-gallery has-nested-images columns-default is-cropped wp-block-gallery-1 is-layout-flex wp-block-gallery-is-layout-flex\">\n<figure class=\"wp-block-image size-full\"><a href=\"https:\/\/lican.fr\/wp-content\/uploads\/2022\/12\/12_Lican1_6.jpg\"><img loading=\"lazy\" decoding=\"async\" width=\"1632\" height=\"736\" data-id=\"1728\" src=\"https:\/\/lican.fr\/wp-content\/uploads\/2022\/12\/12_Lican1_6.jpg\" alt=\"\" class=\"wp-image-1728\" srcset=\"https:\/\/lican.fr\/wp-content\/uploads\/2022\/12\/12_Lican1_6.jpg 1632w, https:\/\/lican.fr\/wp-content\/uploads\/2022\/12\/12_Lican1_6-300x135.jpg 300w, https:\/\/lican.fr\/wp-content\/uploads\/2022\/12\/12_Lican1_6-1024x462.jpg 1024w, https:\/\/lican.fr\/wp-content\/uploads\/2022\/12\/12_Lican1_6-768x346.jpg 768w, https:\/\/lican.fr\/wp-content\/uploads\/2022\/12\/12_Lican1_6-1536x693.jpg 1536w\" sizes=\"auto, (max-width: 1632px) 100vw, 1632px\" \/><\/a><\/figure>\n\n\n\n<figure class=\"wp-block-image size-full\"><a href=\"https:\/\/lican.fr\/wp-content\/uploads\/2022\/12\/12_Lican1_7.jpg\"><img loading=\"lazy\" decoding=\"async\" width=\"1317\" height=\"594\" data-id=\"1727\" src=\"https:\/\/lican.fr\/wp-content\/uploads\/2022\/12\/12_Lican1_7.jpg\" alt=\"\" class=\"wp-image-1727\" srcset=\"https:\/\/lican.fr\/wp-content\/uploads\/2022\/12\/12_Lican1_7.jpg 1317w, https:\/\/lican.fr\/wp-content\/uploads\/2022\/12\/12_Lican1_7-300x135.jpg 300w, https:\/\/lican.fr\/wp-content\/uploads\/2022\/12\/12_Lican1_7-1024x462.jpg 1024w, https:\/\/lican.fr\/wp-content\/uploads\/2022\/12\/12_Lican1_7-768x346.jpg 768w\" sizes=\"auto, (max-width: 1317px) 100vw, 1317px\" \/><\/a><\/figure>\n\n\n\n<figure class=\"wp-block-image size-full\"><a href=\"https:\/\/lican.fr\/wp-content\/uploads\/2022\/12\/12_Lican1_8.jpg\"><img loading=\"lazy\" decoding=\"async\" width=\"1632\" height=\"736\" data-id=\"1729\" src=\"https:\/\/lican.fr\/wp-content\/uploads\/2022\/12\/12_Lican1_8.jpg\" alt=\"\" class=\"wp-image-1729\" srcset=\"https:\/\/lican.fr\/wp-content\/uploads\/2022\/12\/12_Lican1_8.jpg 1632w, https:\/\/lican.fr\/wp-content\/uploads\/2022\/12\/12_Lican1_8-300x135.jpg 300w, https:\/\/lican.fr\/wp-content\/uploads\/2022\/12\/12_Lican1_8-1024x462.jpg 1024w, https:\/\/lican.fr\/wp-content\/uploads\/2022\/12\/12_Lican1_8-768x346.jpg 768w, https:\/\/lican.fr\/wp-content\/uploads\/2022\/12\/12_Lican1_8-1536x693.jpg 1536w\" sizes=\"auto, (max-width: 1632px) 100vw, 1632px\" \/><\/a><\/figure>\n<\/figure>\n\n\n\n<p><\/p>\n\n\n\n<p><strong><mark style=\"background-color:rgba(0, 0, 0, 0)\" class=\"has-inline-color has-vivid-cyan-blue-color\">C\u00f4t\u00e9 rangements:<\/mark><\/strong><\/p>\n\n\n\n<ul class=\"wp-block-list\">\n<li>6 placards hauts dans le carr\u00e9,<\/li>\n\n\n\n<li>4 placards hauts dans la cuisine,<\/li>\n\n\n\n<li>3 placards bas,<\/li>\n\n\n\n<li>1 placard dans la salle de bain,<\/li>\n\n\n\n<li>1 penderie,<\/li>\n\n\n\n<li>1 grand coffre sous le carr\u00e9, avec les coussins additionnels pour la banquette,<\/li>\n\n\n\n<li>1 petit coffre sous la d\u00eenette,<\/li>\n\n\n\n<li>1 compartiment traversant sous les lits arri\u00e8res.<\/li>\n<\/ul>\n\n\n\n<p><\/p>\n\n\n\n<p><strong><mark style=\"background-color:rgba(0, 0, 0, 0)\" class=\"has-inline-color has-vivid-cyan-blue-color\">Avant de partir pour de longs mois, nous avons:<\/mark><\/strong><\/p>\n\n\n\n<ul class=\"wp-block-list\">\n<li>R\u00e9vis\u00e9 le frigo qui peinait \u00e0 d\u00e9clencher avec le gaz,<\/li>\n\n\n\n<li>Troqu\u00e9 les bouteilles de gaz pour du GPL plus universel dans les pays travers\u00e9s,<\/li>\n\n\n\n<li>Chang\u00e9 3 lanterneaux, comme pr\u00e9vu et en partie sous la pluie,<\/li>\n\n\n\n<li>Refait l&rsquo;\u00e9tanch\u00e9it\u00e9 de 2 fen\u00eatres (lat\u00e9rale &amp; capucine),<\/li>\n\n\n\n<li>Chang\u00e9 les ampoules pour des LED blanches, un sacr\u00e9 gain de luminosit\u00e9 et moins de risque de br\u00fblure,<\/li>\n\n\n\n<li>Fait apposer notre logo sur les c\u00f4t\u00e9s par Clean Car.<\/li>\n<\/ul>\n\n\n\n<figure class=\"wp-block-gallery has-nested-images columns-4 is-cropped wp-block-gallery-2 is-layout-flex wp-block-gallery-is-layout-flex\">\n<figure class=\"wp-block-image size-full\"><a href=\"https:\/\/lican.fr\/wp-content\/uploads\/2022\/12\/12_Lican1_2-2.jpg\"><img loading=\"lazy\" decoding=\"async\" width=\"736\" height=\"736\" data-id=\"1737\" src=\"https:\/\/lican.fr\/wp-content\/uploads\/2022\/12\/12_Lican1_2-2.jpg\" alt=\"\" class=\"wp-image-1737\" srcset=\"https:\/\/lican.fr\/wp-content\/uploads\/2022\/12\/12_Lican1_2-2.jpg 736w, https:\/\/lican.fr\/wp-content\/uploads\/2022\/12\/12_Lican1_2-2-300x300.jpg 300w, https:\/\/lican.fr\/wp-content\/uploads\/2022\/12\/12_Lican1_2-2-150x150.jpg 150w, https:\/\/lican.fr\/wp-content\/uploads\/2022\/12\/12_Lican1_2-2-275x275.jpg 275w, https:\/\/lican.fr\/wp-content\/uploads\/2022\/12\/12_Lican1_2-2-66x66.jpg 66w\" sizes=\"auto, (max-width: 736px) 100vw, 736px\" \/><\/a><\/figure>\n\n\n\n<figure class=\"wp-block-image size-full\"><a href=\"https:\/\/lican.fr\/wp-content\/uploads\/2022\/12\/12_Lican1_3-2.jpg\"><img loading=\"lazy\" decoding=\"async\" width=\"736\" height=\"736\" data-id=\"1739\" src=\"https:\/\/lican.fr\/wp-content\/uploads\/2022\/12\/12_Lican1_3-2.jpg\" alt=\"\" class=\"wp-image-1739\" srcset=\"https:\/\/lican.fr\/wp-content\/uploads\/2022\/12\/12_Lican1_3-2.jpg 736w, https:\/\/lican.fr\/wp-content\/uploads\/2022\/12\/12_Lican1_3-2-300x300.jpg 300w, https:\/\/lican.fr\/wp-content\/uploads\/2022\/12\/12_Lican1_3-2-150x150.jpg 150w, https:\/\/lican.fr\/wp-content\/uploads\/2022\/12\/12_Lican1_3-2-275x275.jpg 275w, https:\/\/lican.fr\/wp-content\/uploads\/2022\/12\/12_Lican1_3-2-66x66.jpg 66w\" sizes=\"auto, (max-width: 736px) 100vw, 736px\" \/><\/a><\/figure>\n\n\n\n<figure class=\"wp-block-image size-full\"><a href=\"https:\/\/lican.fr\/wp-content\/uploads\/2022\/12\/12_Lican1_4-1.jpg\"><img loading=\"lazy\" decoding=\"async\" width=\"736\" height=\"736\" data-id=\"1738\" src=\"https:\/\/lican.fr\/wp-content\/uploads\/2022\/12\/12_Lican1_4-1.jpg\" alt=\"\" class=\"wp-image-1738\" srcset=\"https:\/\/lican.fr\/wp-content\/uploads\/2022\/12\/12_Lican1_4-1.jpg 736w, https:\/\/lican.fr\/wp-content\/uploads\/2022\/12\/12_Lican1_4-1-300x300.jpg 300w, https:\/\/lican.fr\/wp-content\/uploads\/2022\/12\/12_Lican1_4-1-150x150.jpg 150w, https:\/\/lican.fr\/wp-content\/uploads\/2022\/12\/12_Lican1_4-1-275x275.jpg 275w, https:\/\/lican.fr\/wp-content\/uploads\/2022\/12\/12_Lican1_4-1-66x66.jpg 66w\" sizes=\"auto, (max-width: 736px) 100vw, 736px\" \/><\/a><\/figure>\n\n\n\n<figure class=\"wp-block-image size-full\"><a href=\"https:\/\/lican.fr\/wp-content\/uploads\/2022\/12\/12_Lican1_5-1.jpg\"><img loading=\"lazy\" decoding=\"async\" width=\"674\" height=\"674\" data-id=\"1740\" src=\"https:\/\/lican.fr\/wp-content\/uploads\/2022\/12\/12_Lican1_5-1.jpg\" alt=\"\" class=\"wp-image-1740\" srcset=\"https:\/\/lican.fr\/wp-content\/uploads\/2022\/12\/12_Lican1_5-1.jpg 674w, https:\/\/lican.fr\/wp-content\/uploads\/2022\/12\/12_Lican1_5-1-300x300.jpg 300w, https:\/\/lican.fr\/wp-content\/uploads\/2022\/12\/12_Lican1_5-1-150x150.jpg 150w, https:\/\/lican.fr\/wp-content\/uploads\/2022\/12\/12_Lican1_5-1-275x275.jpg 275w, https:\/\/lican.fr\/wp-content\/uploads\/2022\/12\/12_Lican1_5-1-66x66.jpg 66w\" sizes=\"auto, (max-width: 674px) 100vw, 674px\" \/><\/a><\/figure>\n<\/figure>\n\n\n\n<p>Chacun y trouve sa place. Quelques astuces et beaucoup de Tetris pour ranger les affaires des uns et des autres. A force de voyages, nous avons peaufin\u00e9 son am\u00e9nagement et sa fonctionnalit\u00e9.<\/p>\n\n\n\n<p><strong>Et vous, seriez-vous pr\u00e8s \u00e0 vivre \u00e0 4 dans ces 17m2 ?<\/strong><\/p>\n\n\n\n<p><\/p>\n\n\n\n<h2 class=\"wp-block-heading\"><mark style=\"background-color:rgba(0, 0, 0, 0)\" class=\"has-inline-color has-vivid-purple-color\">Notre petit int\u00e9rieur cosy<\/mark><\/h2>\n\n\n\n<p>L&rsquo;am\u00e9nagement de notre lican&#8230;<\/p>\n\n\n\n<p>L&rsquo;avantage de ce v\u00e9hicule est que nous le connaissions bien et avions fait plusieurs s\u00e9jours \u00e0 son bord. Il \u00e9tait donc d\u00e9j\u00e0 \u00e9quip\u00e9 et fonctionnel.<\/p>\n\n\n\n<p>En dehors des quelques modifications externes, l&rsquo;organisation de &lsquo;notre maison&rsquo; a plut\u00f4t tenu \u00e0 des ajustements qu&rsquo;\u00e0 un r\u00e9el am\u00e9nagement pour que chacun s&rsquo;y sente bien.<\/p>\n\n\n\n<p>On a donc :<\/p>\n\n\n\n<ul class=\"wp-block-list\">\n<li>Troqu\u00e9 la vaisselle pour une collection en email trouv\u00e9 chez <a href=\"https:\/\/maisonlevantine.com\/\">Maison Levantine<\/a> plus solide que la vaisselle bambou\/ plastique, avec des supers designs (moi qui avait peur que ce soit vieillot, ah les id\u00e9es re\u00e7ues !)<\/li>\n<\/ul>\n\n\n<div class=\"wp-block-image\">\n<figure class=\"aligncenter size-large is-resized\"><img loading=\"lazy\" decoding=\"async\" src=\"https:\/\/lican.fr\/wp-content\/uploads\/2023\/01\/IMG_20221227_132815_987-1024x1024.webp\" alt=\"\" class=\"wp-image-1947\" width=\"512\" height=\"512\" srcset=\"https:\/\/lican.fr\/wp-content\/uploads\/2023\/01\/IMG_20221227_132815_987-1024x1024.webp 1024w, https:\/\/lican.fr\/wp-content\/uploads\/2023\/01\/IMG_20221227_132815_987-300x300.webp 300w, https:\/\/lican.fr\/wp-content\/uploads\/2023\/01\/IMG_20221227_132815_987-150x150.webp 150w, https:\/\/lican.fr\/wp-content\/uploads\/2023\/01\/IMG_20221227_132815_987-768x768.webp 768w, https:\/\/lican.fr\/wp-content\/uploads\/2023\/01\/IMG_20221227_132815_987-275x275.webp 275w, https:\/\/lican.fr\/wp-content\/uploads\/2023\/01\/IMG_20221227_132815_987-66x66.webp 66w, https:\/\/lican.fr\/wp-content\/uploads\/2023\/01\/IMG_20221227_132815_987.webp 1440w\" sizes=\"auto, (max-width: 512px) 100vw, 512px\" \/><\/figure>\n<\/div>\n\n\n<ul class=\"wp-block-list\">\n<li>Pris un four <em><a href=\"https:\/\/www.omniasweden.com\/fr\/\">Omnia<\/a><\/em> qui se place sur les plaques, d\u00e9couvert gr\u00e2ce aux Lily Baroud crois\u00e9s sur les routes US. \u00c0 nous les petits plaisirs sucr\u00e9s ou sal\u00e9s.<\/li>\n<\/ul>\n\n\n\n<ul class=\"wp-block-list\">\n<li>Opt\u00e9 pour une batterie <a href=\"https:\/\/fr.ecoflow.com\/\"><em>Ecoflow<\/em><\/a>, bien utile vu que notre Lican ne poss\u00e8de pas beaucoup de prises.<\/li>\n<\/ul>\n\n\n\n<ul class=\"wp-block-list\">\n<li>Install\u00e9 dans la capucine un surmatelas en bambou <a href=\"https:\/\/hypnia.fr\/\"><em>Hypnia<\/em><\/a> (un des seuls en 150cm de large), gr\u00e2ce aux <em>En route avec Alphonse<\/em> chez qui j&rsquo;avais vu l&rsquo;id\u00e9e, pour gagner en confort surtout avec le dos en vrac de l&rsquo;homme.<\/li>\n<\/ul>\n\n\n<div class=\"wp-block-image\">\n<figure class=\"aligncenter size-large is-resized\"><img loading=\"lazy\" decoding=\"async\" src=\"https:\/\/lican.fr\/wp-content\/uploads\/2023\/01\/IMG_20221227_132816_027-1024x1024.webp\" alt=\"\" class=\"wp-image-1948\" width=\"512\" height=\"512\" srcset=\"https:\/\/lican.fr\/wp-content\/uploads\/2023\/01\/IMG_20221227_132816_027-1024x1024.webp 1024w, https:\/\/lican.fr\/wp-content\/uploads\/2023\/01\/IMG_20221227_132816_027-300x300.webp 300w, https:\/\/lican.fr\/wp-content\/uploads\/2023\/01\/IMG_20221227_132816_027-150x150.webp 150w, https:\/\/lican.fr\/wp-content\/uploads\/2023\/01\/IMG_20221227_132816_027-768x768.webp 768w, https:\/\/lican.fr\/wp-content\/uploads\/2023\/01\/IMG_20221227_132816_027-275x275.webp 275w, https:\/\/lican.fr\/wp-content\/uploads\/2023\/01\/IMG_20221227_132816_027-66x66.webp 66w, https:\/\/lican.fr\/wp-content\/uploads\/2023\/01\/IMG_20221227_132816_027.webp 1440w\" sizes=\"auto, (max-width: 512px) 100vw, 512px\" \/><\/figure>\n<\/div>\n\n\n<ul class=\"wp-block-list\">\n<li>Affubl\u00e9 chacun d&rsquo;une plus grande caisse pour ses v\u00eatement (je me suis amus\u00e9e avec les \u00e9tiquettes). Les gnomes ont en plus une m\u00eame caisse pour leurs jeux\/ jouets.<\/li>\n<\/ul>\n\n\n<div class=\"wp-block-image\">\n<figure class=\"aligncenter size-large is-resized\"><img loading=\"lazy\" decoding=\"async\" src=\"https:\/\/lican.fr\/wp-content\/uploads\/2023\/01\/IMG_20221227_132816_048-1024x1024.webp\" alt=\"\" class=\"wp-image-1949\" width=\"512\" height=\"512\" srcset=\"https:\/\/lican.fr\/wp-content\/uploads\/2023\/01\/IMG_20221227_132816_048-1024x1024.webp 1024w, https:\/\/lican.fr\/wp-content\/uploads\/2023\/01\/IMG_20221227_132816_048-300x300.webp 300w, https:\/\/lican.fr\/wp-content\/uploads\/2023\/01\/IMG_20221227_132816_048-150x150.webp 150w, https:\/\/lican.fr\/wp-content\/uploads\/2023\/01\/IMG_20221227_132816_048-768x768.webp 768w, https:\/\/lican.fr\/wp-content\/uploads\/2023\/01\/IMG_20221227_132816_048-275x275.webp 275w, https:\/\/lican.fr\/wp-content\/uploads\/2023\/01\/IMG_20221227_132816_048-66x66.webp 66w, https:\/\/lican.fr\/wp-content\/uploads\/2023\/01\/IMG_20221227_132816_048.webp 1440w\" sizes=\"auto, (max-width: 512px) 100vw, 512px\" \/><\/figure>\n<\/div>\n\n\n<ul class=\"wp-block-list\">\n<li>Mis en banquette permanente le petit espace dinette pour faire un coin relax.<\/li>\n<\/ul>\n\n\n<div class=\"wp-block-image\">\n<figure class=\"aligncenter size-large is-resized\"><img loading=\"lazy\" decoding=\"async\" src=\"https:\/\/lican.fr\/wp-content\/uploads\/2023\/01\/IMG_20221227_132816_111-1024x1024.webp\" alt=\"\" class=\"wp-image-1950\" width=\"512\" height=\"512\" srcset=\"https:\/\/lican.fr\/wp-content\/uploads\/2023\/01\/IMG_20221227_132816_111-1024x1024.webp 1024w, https:\/\/lican.fr\/wp-content\/uploads\/2023\/01\/IMG_20221227_132816_111-300x300.webp 300w, https:\/\/lican.fr\/wp-content\/uploads\/2023\/01\/IMG_20221227_132816_111-150x150.webp 150w, https:\/\/lican.fr\/wp-content\/uploads\/2023\/01\/IMG_20221227_132816_111-768x768.webp 768w, https:\/\/lican.fr\/wp-content\/uploads\/2023\/01\/IMG_20221227_132816_111-275x275.webp 275w, https:\/\/lican.fr\/wp-content\/uploads\/2023\/01\/IMG_20221227_132816_111-66x66.webp 66w, https:\/\/lican.fr\/wp-content\/uploads\/2023\/01\/IMG_20221227_132816_111.webp 1440w\" sizes=\"auto, (max-width: 512px) 100vw, 512px\" \/><\/figure>\n<\/div>\n\n\n<ul class=\"wp-block-list\">\n<li>Rang\u00e9 l&rsquo;imprimante dans une caisse sous la table, en espace partag\u00e9 avec la 4-pat qui s&rsquo;est vu offrir un tout nouveau coussin.<\/li>\n<\/ul>\n\n\n\n<ul class=\"wp-block-list\">\n<li>R\u00e9organis\u00e9 les coffres et placards du carr\u00e9. D\u00e9dier une partie aux outils et traces \u00e9crites de l&rsquo;IEF. D\u00e9placer les r\u00e9serves dans l&rsquo;espace lib\u00e9r\u00e9 par les coussins de la banquette.<\/li>\n<\/ul>\n\n\n\n<ul class=\"wp-block-list\">\n<li>D\u00e9cor\u00e9 les espaces de vie pour les rendre cocooning. Chaque coin enfants avec des cadres autour des th\u00e8mes qu&rsquo;ils affectionnent, les dinosaures pour le lutin et les chouettes pour la lutine. Dans le coin relax, des coussins et la magnifique d\u00e9co faite par une amie pour notre d\u00e9part (oui j&rsquo;ai barbouill\u00e9 la photo). Dans le carr\u00e9, la super carte d&rsquo;Europe de <a href=\"https:\/\/www.janod.com\/\">Janod<\/a>, id\u00e9e piqu\u00e9e aux En Route Mauvaise Graine !<\/li>\n<\/ul>\n\n\n\n<figure class=\"wp-block-gallery has-nested-images columns-4 is-cropped wp-block-gallery-3 is-layout-flex wp-block-gallery-is-layout-flex\">\n<figure class=\"wp-block-image size-large\"><a href=\"https:\/\/lican.fr\/wp-content\/uploads\/2023\/01\/IMG_20221227_132816_145.webp\"><img loading=\"lazy\" decoding=\"async\" width=\"1024\" height=\"1024\" data-id=\"1952\" src=\"https:\/\/lican.fr\/wp-content\/uploads\/2023\/01\/IMG_20221227_132816_145-1024x1024.webp\" alt=\"\" class=\"wp-image-1952\" srcset=\"https:\/\/lican.fr\/wp-content\/uploads\/2023\/01\/IMG_20221227_132816_145-1024x1024.webp 1024w, https:\/\/lican.fr\/wp-content\/uploads\/2023\/01\/IMG_20221227_132816_145-300x300.webp 300w, https:\/\/lican.fr\/wp-content\/uploads\/2023\/01\/IMG_20221227_132816_145-150x150.webp 150w, https:\/\/lican.fr\/wp-content\/uploads\/2023\/01\/IMG_20221227_132816_145-768x768.webp 768w, https:\/\/lican.fr\/wp-content\/uploads\/2023\/01\/IMG_20221227_132816_145-275x275.webp 275w, https:\/\/lican.fr\/wp-content\/uploads\/2023\/01\/IMG_20221227_132816_145-66x66.webp 66w, https:\/\/lican.fr\/wp-content\/uploads\/2023\/01\/IMG_20221227_132816_145.webp 1440w\" sizes=\"auto, (max-width: 1024px) 100vw, 1024px\" \/><\/a><\/figure>\n\n\n\n<figure class=\"wp-block-image size-large\"><a href=\"https:\/\/lican.fr\/wp-content\/uploads\/2023\/01\/IMG_20221227_132816_183.webp\"><img loading=\"lazy\" decoding=\"async\" width=\"1024\" height=\"1024\" data-id=\"1953\" src=\"https:\/\/lican.fr\/wp-content\/uploads\/2023\/01\/IMG_20221227_132816_183-1024x1024.webp\" alt=\"\" class=\"wp-image-1953\" srcset=\"https:\/\/lican.fr\/wp-content\/uploads\/2023\/01\/IMG_20221227_132816_183-1024x1024.webp 1024w, https:\/\/lican.fr\/wp-content\/uploads\/2023\/01\/IMG_20221227_132816_183-300x300.webp 300w, https:\/\/lican.fr\/wp-content\/uploads\/2023\/01\/IMG_20221227_132816_183-150x150.webp 150w, https:\/\/lican.fr\/wp-content\/uploads\/2023\/01\/IMG_20221227_132816_183-768x768.webp 768w, https:\/\/lican.fr\/wp-content\/uploads\/2023\/01\/IMG_20221227_132816_183-275x275.webp 275w, https:\/\/lican.fr\/wp-content\/uploads\/2023\/01\/IMG_20221227_132816_183-66x66.webp 66w, https:\/\/lican.fr\/wp-content\/uploads\/2023\/01\/IMG_20221227_132816_183.webp 1079w\" sizes=\"auto, (max-width: 1024px) 100vw, 1024px\" \/><\/a><\/figure>\n\n\n\n<figure class=\"wp-block-image size-large\"><a href=\"https:\/\/lican.fr\/wp-content\/uploads\/2023\/01\/IMG_20221227_132816_218.webp\"><img loading=\"lazy\" decoding=\"async\" width=\"1024\" height=\"1024\" data-id=\"1951\" src=\"https:\/\/lican.fr\/wp-content\/uploads\/2023\/01\/IMG_20221227_132816_218-1024x1024.webp\" alt=\"\" class=\"wp-image-1951\" srcset=\"https:\/\/lican.fr\/wp-content\/uploads\/2023\/01\/IMG_20221227_132816_218-1024x1024.webp 1024w, https:\/\/lican.fr\/wp-content\/uploads\/2023\/01\/IMG_20221227_132816_218-300x300.webp 300w, https:\/\/lican.fr\/wp-content\/uploads\/2023\/01\/IMG_20221227_132816_218-150x150.webp 150w, https:\/\/lican.fr\/wp-content\/uploads\/2023\/01\/IMG_20221227_132816_218-768x768.webp 768w, https:\/\/lican.fr\/wp-content\/uploads\/2023\/01\/IMG_20221227_132816_218-275x275.webp 275w, https:\/\/lican.fr\/wp-content\/uploads\/2023\/01\/IMG_20221227_132816_218-66x66.webp 66w, https:\/\/lican.fr\/wp-content\/uploads\/2023\/01\/IMG_20221227_132816_218.webp 1440w\" sizes=\"auto, (max-width: 1024px) 100vw, 1024px\" \/><\/a><\/figure>\n\n\n\n<figure class=\"wp-block-image size-large\"><img loading=\"lazy\" decoding=\"async\" width=\"1024\" height=\"1024\" data-id=\"1955\" src=\"https:\/\/lican.fr\/wp-content\/uploads\/2023\/01\/IMG_20221227_132816_061-1024x1024.webp\" alt=\"\" class=\"wp-image-1955\" srcset=\"https:\/\/lican.fr\/wp-content\/uploads\/2023\/01\/IMG_20221227_132816_061-1024x1024.webp 1024w, https:\/\/lican.fr\/wp-content\/uploads\/2023\/01\/IMG_20221227_132816_061-300x300.webp 300w, https:\/\/lican.fr\/wp-content\/uploads\/2023\/01\/IMG_20221227_132816_061-150x150.webp 150w, https:\/\/lican.fr\/wp-content\/uploads\/2023\/01\/IMG_20221227_132816_061-768x768.webp 768w, https:\/\/lican.fr\/wp-content\/uploads\/2023\/01\/IMG_20221227_132816_061-275x275.webp 275w, https:\/\/lican.fr\/wp-content\/uploads\/2023\/01\/IMG_20221227_132816_061-66x66.webp 66w, https:\/\/lican.fr\/wp-content\/uploads\/2023\/01\/IMG_20221227_132816_061.webp 1440w\" sizes=\"auto, (max-width: 1024px) 100vw, 1024px\" \/><\/figure>\n<\/figure>\n\n\n\n<ul class=\"wp-block-list\">\n<li>Stock\u00e9 les cadeaux de No\u00ebl (mais ce ne sera que temporaire !)<\/li>\n<\/ul>\n\n\n<div class=\"wp-block-image\">\n<figure class=\"aligncenter size-large is-resized\"><img loading=\"lazy\" decoding=\"async\" src=\"https:\/\/lican.fr\/wp-content\/uploads\/2023\/01\/IMG_20221227_132816_232-1024x1024.webp\" alt=\"\" class=\"wp-image-1956\" width=\"512\" height=\"512\" srcset=\"https:\/\/lican.fr\/wp-content\/uploads\/2023\/01\/IMG_20221227_132816_232-1024x1024.webp 1024w, https:\/\/lican.fr\/wp-content\/uploads\/2023\/01\/IMG_20221227_132816_232-300x300.webp 300w, https:\/\/lican.fr\/wp-content\/uploads\/2023\/01\/IMG_20221227_132816_232-150x150.webp 150w, https:\/\/lican.fr\/wp-content\/uploads\/2023\/01\/IMG_20221227_132816_232-768x768.webp 768w, https:\/\/lican.fr\/wp-content\/uploads\/2023\/01\/IMG_20221227_132816_232-275x275.webp 275w, https:\/\/lican.fr\/wp-content\/uploads\/2023\/01\/IMG_20221227_132816_232-66x66.webp 66w, https:\/\/lican.fr\/wp-content\/uploads\/2023\/01\/IMG_20221227_132816_232.webp 1344w\" sizes=\"auto, (max-width: 512px) 100vw, 512px\" \/><\/figure>\n<\/div>\n\n\n<p><strong>Alors il vous pla\u00eet notre cocon ?<\/strong><\/p>\n\n\n\n<p><\/p>\n","protected":false},"excerpt":{"rendered":"<p>Aspect g\u00e9n\u00e9ral C&rsquo;est un La\u00efka X700, sur ch\u00e2ssis Ford. Il mesure&nbsp;7.30m de long,&nbsp;2.3m de large et&nbsp;3.04m de haut (4 petits centim\u00e8tres qui peuvent co\u00fbter cher sur certains autoroutes si on ne pr\u00eate pas attention \u00e0 la classe) pouvant rouler avec 5 personnes. Il a une capacit\u00e9 de&nbsp;120L d&rsquo;eau propre. L&rsquo;espace \u00e0 vivre est spacieux: C\u00f4t\u00e9 rangements: Avant de partir pour &hellip; <\/p>\n","protected":false},"author":2,"featured_media":0,"parent":0,"menu_order":0,"comment_status":"closed","ping_status":"closed","template":"","meta":{"footnotes":""},"class_list":["post-1747","page","type-page","status-publish","hentry"],"_links":{"self":[{"href":"https:\/\/lican.fr\/index.php?rest_route=\/wp\/v2\/pages\/1747","targetHints":{"allow":["GET"]}}],"collection":[{"href":"https:\/\/lican.fr\/index.php?rest_route=\/wp\/v2\/pages"}],"about":[{"href":"https:\/\/lican.fr\/index.php?rest_route=\/wp\/v2\/types\/page"}],"author":[{"embeddable":true,"href":"https:\/\/lican.fr\/index.php?rest_route=\/wp\/v2\/users\/2"}],"replies":[{"embeddable":true,"href":"https:\/\/lican.fr\/index.php?rest_route=%2Fwp%2Fv2%2Fcomments&post=1747"}],"version-history":[{"count":7,"href":"https:\/\/lican.fr\/index.php?rest_route=\/wp\/v2\/pages\/1747\/revisions"}],"predecessor-version":[{"id":1962,"href":"https:\/\/lican.fr\/index.php?rest_route=\/wp\/v2\/pages\/1747\/revisions\/1962"}],"wp:attachment":[{"href":"https:\/\/lican.fr\/index.php?rest_route=%2Fwp%2Fv2%2Fmedia&parent=1747"}],"curies":[{"name":"wp","href":"https:\/\/api.w.org\/{rel}","templated":true}]}}