{"id":2031,"date":"2023-01-05T23:42:13","date_gmt":"2023-01-05T22:42:13","guid":{"rendered":"https:\/\/lican.fr\/?page_id=2031"},"modified":"2023-01-13T22:59:59","modified_gmt":"2023-01-13T21:59:59","slug":"la-vie-a-bord","status":"publish","type":"page","link":"https:\/\/lican.fr\/?page_id=2031","title":{"rendered":"La vie \u00e0 bord"},"content":{"rendered":"\n<p>Sur cette page, nous vous partageons quelques r\u00e9flexions sur la vie \u00e0 bord de notre Lican, notre organisation.<\/p>\n\n\n\n<h2 class=\"wp-block-heading\"><mark style=\"background-color:rgba(0, 0, 0, 0)\" class=\"has-inline-color has-luminous-vivid-orange-color\">La gestion de l&rsquo;eau<\/mark><\/h2>\n\n\n<div class=\"wp-block-image\">\n<figure class=\"aligncenter size-large is-resized\"><img loading=\"lazy\" decoding=\"async\" src=\"https:\/\/lican.fr\/wp-content\/uploads\/2023\/01\/fountain-g4c38f402d_1920-1-1024x683.jpg\" alt=\"\" class=\"wp-image-2208\" width=\"256\" height=\"171\" srcset=\"https:\/\/lican.fr\/wp-content\/uploads\/2023\/01\/fountain-g4c38f402d_1920-1-1024x683.jpg 1024w, https:\/\/lican.fr\/wp-content\/uploads\/2023\/01\/fountain-g4c38f402d_1920-1-300x200.jpg 300w, https:\/\/lican.fr\/wp-content\/uploads\/2023\/01\/fountain-g4c38f402d_1920-1-768x512.jpg 768w, https:\/\/lican.fr\/wp-content\/uploads\/2023\/01\/fountain-g4c38f402d_1920-1-1536x1024.jpg 1536w, https:\/\/lican.fr\/wp-content\/uploads\/2023\/01\/fountain-g4c38f402d_1920-1-450x301.jpg 450w, https:\/\/lican.fr\/wp-content\/uploads\/2023\/01\/fountain-g4c38f402d_1920-1.jpg 1600w\" sizes=\"auto, (max-width: 256px) 100vw, 256px\" \/><\/figure>\n<\/div>\n\n\n<p>Quand on a une cuve de\u00a0120 L, c&rsquo;est essentiel. Selon la destination, cela peut\u00a0 \u00eatre compliqu\u00e9 de faire le plein. Il faut donc apprendre \u00e0 faire durer ses r\u00e9serves.<\/p>\n\n\n\n<p>Dans le Lican, nous utilisons l&rsquo;eau pour tout, boisson incluse. Notre r\u00e9serve dure +\/- 3 jours, \u00e0 4, selon notre rythme (ex. repas ou non).<\/p>\n\n\n\n<figure class=\"wp-block-gallery has-nested-images columns-default is-cropped wp-block-gallery-1 is-layout-flex wp-block-gallery-is-layout-flex\">\n<figure class=\"wp-block-image size-thumbnail\"><a href=\"https:\/\/lican.fr\/wp-content\/uploads\/2023\/01\/IMG20221231162543.jpg\"><img loading=\"lazy\" decoding=\"async\" width=\"150\" height=\"150\" data-id=\"2210\" src=\"https:\/\/lican.fr\/wp-content\/uploads\/2023\/01\/IMG20221231162543-150x150.jpg\" alt=\"\" class=\"wp-image-2210\" srcset=\"https:\/\/lican.fr\/wp-content\/uploads\/2023\/01\/IMG20221231162543-150x150.jpg 150w, https:\/\/lican.fr\/wp-content\/uploads\/2023\/01\/IMG20221231162543-275x275.jpg 275w, https:\/\/lican.fr\/wp-content\/uploads\/2023\/01\/IMG20221231162543-66x66.jpg 66w\" sizes=\"auto, (max-width: 150px) 100vw, 150px\" \/><\/a><\/figure>\n\n\n\n<figure class=\"wp-block-image size-thumbnail\"><a href=\"https:\/\/lican.fr\/wp-content\/uploads\/2023\/01\/IMG20221231162623.jpg\"><img loading=\"lazy\" decoding=\"async\" width=\"150\" height=\"150\" data-id=\"2209\" src=\"https:\/\/lican.fr\/wp-content\/uploads\/2023\/01\/IMG20221231162623-150x150.jpg\" alt=\"\" class=\"wp-image-2209\" srcset=\"https:\/\/lican.fr\/wp-content\/uploads\/2023\/01\/IMG20221231162623-150x150.jpg 150w, https:\/\/lican.fr\/wp-content\/uploads\/2023\/01\/IMG20221231162623-275x275.jpg 275w, https:\/\/lican.fr\/wp-content\/uploads\/2023\/01\/IMG20221231162623-66x66.jpg 66w\" sizes=\"auto, (max-width: 150px) 100vw, 150px\" \/><\/a><\/figure>\n\n\n\n<figure class=\"wp-block-image size-thumbnail\"><a href=\"https:\/\/lican.fr\/wp-content\/uploads\/2023\/01\/IMG20221231162659.jpg\"><img loading=\"lazy\" decoding=\"async\" width=\"150\" height=\"150\" data-id=\"2211\" src=\"https:\/\/lican.fr\/wp-content\/uploads\/2023\/01\/IMG20221231162659-150x150.jpg\" alt=\"\" class=\"wp-image-2211\" srcset=\"https:\/\/lican.fr\/wp-content\/uploads\/2023\/01\/IMG20221231162659-150x150.jpg 150w, https:\/\/lican.fr\/wp-content\/uploads\/2023\/01\/IMG20221231162659-275x275.jpg 275w, https:\/\/lican.fr\/wp-content\/uploads\/2023\/01\/IMG20221231162659-66x66.jpg 66w\" sizes=\"auto, (max-width: 150px) 100vw, 150px\" \/><\/a><\/figure>\n<\/figure>\n\n\n\n<p><mark style=\"background-color:rgba(0, 0, 0, 0)\" class=\"has-inline-color has-luminous-vivid-amber-color\"><strong>120L d&rsquo;eau c&rsquo;est quoi ? <br><\/strong><\/mark>C&rsquo;est 2 \u00e0 3 douches de 5 mn ou un petit bain. C&rsquo;est un peu moins que la consommation d&rsquo;eau moyenne journali\u00e8re par personne (<em><span style=\"text-decoration: underline;\">source:<\/span> centre d&rsquo;information sur l&rsquo;eau<\/em>). <\/p>\n\n\n\n<p>Cela peut sembler peu. Voici donc nos habitudes :<\/p>\n\n\n\n<ul class=\"wp-block-list\">\n<li><strong><mark style=\"background-color:rgba(0, 0, 0, 0)\" class=\"has-inline-color has-luminous-vivid-amber-color\">Les dents<\/mark><\/strong><br>Un seul verre chacun pour mouiller la brosse, rincer la bouche et nettoyer la brosse.<\/li>\n<\/ul>\n\n\n\n<ul class=\"wp-block-list\">\n<li><strong><mark style=\"background-color:rgba(0, 0, 0, 0)\" class=\"has-inline-color has-luminous-vivid-amber-color\">La toilette<\/mark><\/strong><br>On privil\u00e9gie la toilette de chat plut\u00f4t qu&rsquo;une douche. Un gant mouill\u00e9 ou des lingettes font l&rsquo;affaire pour rester propre entre deux douches.<\/li>\n<\/ul>\n\n\n\n<ul class=\"wp-block-list\">\n<li><strong><mark style=\"background-color:rgba(0, 0, 0, 0)\" class=\"has-inline-color has-luminous-vivid-amber-color\">Les douches<\/mark><\/strong><br>On essaie de les prendre dans les camping ou juste avant de remplir les cuves. Sinon c&rsquo;est rythm\u00e9 ! On mouille, on lave, on rince en arr\u00eatant l&rsquo;eau entre chaque \u00e9tape. Heureusement, la pomme de douche arr\u00eate le flux tout en gardant la temp\u00e9rature.<\/li>\n<\/ul>\n\n\n\n<ul class=\"wp-block-list\">\n<li><mark style=\"background-color:rgba(0, 0, 0, 0)\" class=\"has-inline-color has-luminous-vivid-amber-color\"><strong>Le coiffage <\/strong><\/mark><br>Oui c&rsquo;est bizarre ! Moi qui ai les cheveux fris\u00e9s, je dois les humidifier sinon ma tignasse ne ressemble \u00e0 rien. J&rsquo;utilise un brumisateur pour leur redonner du peps.<\/li>\n<\/ul>\n\n\n\n<ul class=\"wp-block-list\">\n<li><strong><mark style=\"background-color:rgba(0, 0, 0, 0)\" class=\"has-inline-color has-luminous-vivid-amber-color\">La vaisselle<\/mark><\/strong> <br>On utilise l&rsquo;eau qui reste (verre, cuisson&#8230;) ou un verre pour mouiller. On savonne puis on rince en allumant\/ \u00e9teignant l&rsquo;eau \u00e0 chaque manipulation et en la vidant sur les autres ustensiles pour pr\u00e9-rincer. C&rsquo;est un coup \u00e0 prendre !<\/li>\n<\/ul>\n\n\n\n<ul class=\"wp-block-list\">\n<li><strong><mark style=\"background-color:rgba(0, 0, 0, 0)\" class=\"has-inline-color has-luminous-vivid-amber-color\">La boisson<\/mark><\/strong> <br>Chacun garde son verre et le remplit s&rsquo;il a soif. On ne vide pas le reste !<\/li>\n<\/ul>\n\n\n\n<ul class=\"wp-block-list\">\n<li><strong><mark style=\"background-color:rgba(0, 0, 0, 0)\" class=\"has-inline-color has-luminous-vivid-amber-color\">Les WC<\/mark><\/strong> <br>La consigne est de g\u00e9rer au mieux sans s&rsquo;appesantir sur le bouton.<\/li>\n<\/ul>\n\n\n\n<ul class=\"wp-block-list\">\n<li><strong><mark style=\"background-color:rgba(0, 0, 0, 0)\" class=\"has-inline-color has-luminous-vivid-amber-color\">Le nettoyage<\/mark><\/strong> <br>La surface est petite. On utilise le vinaigre plut\u00f4t que l&rsquo;eau savonneuse. Si un pr\u00e9lavage est n\u00e9cessaire, une petite bassine est largement suffisante.<\/li>\n<\/ul>\n\n\n\n<ul class=\"wp-block-list\">\n<li><strong><mark style=\"background-color:rgba(0, 0, 0, 0)\" class=\"has-inline-color has-luminous-vivid-amber-color\">La r\u00e9serve<\/mark><\/strong> <br>Nous avons des bidons de 5 L que nous pouvons utiliser pour remplir la cuve sans d\u00e9placer le Lican ou stocker de l&rsquo;eau potable. Pratique quand on est en zone creuse.<\/li>\n<\/ul>\n\n\n\n<p><strong>Quelles astuces vous semblent les plus difficiles ?<\/strong><\/p>\n\n\n<div class=\"wp-block-image\">\n<figure class=\"aligncenter size-large is-resized\"><img loading=\"lazy\" decoding=\"async\" src=\"https:\/\/lican.fr\/wp-content\/uploads\/2023\/01\/water-g4abe08dc4_1920-1024x546.jpg\" alt=\"\" class=\"wp-image-2212\" width=\"256\" height=\"137\" srcset=\"https:\/\/lican.fr\/wp-content\/uploads\/2023\/01\/water-g4abe08dc4_1920-1024x546.jpg 1024w, https:\/\/lican.fr\/wp-content\/uploads\/2023\/01\/water-g4abe08dc4_1920-300x160.jpg 300w, https:\/\/lican.fr\/wp-content\/uploads\/2023\/01\/water-g4abe08dc4_1920-768x409.jpg 768w, https:\/\/lican.fr\/wp-content\/uploads\/2023\/01\/water-g4abe08dc4_1920-1536x819.jpg 1536w, https:\/\/lican.fr\/wp-content\/uploads\/2023\/01\/water-g4abe08dc4_1920-1140x610.jpg 1140w, https:\/\/lican.fr\/wp-content\/uploads\/2023\/01\/water-g4abe08dc4_1920.jpg 1600w\" sizes=\"auto, (max-width: 256px) 100vw, 256px\" \/><\/figure>\n<\/div>","protected":false},"excerpt":{"rendered":"<p>Sur cette page, nous vous partageons quelques r\u00e9flexions sur la vie \u00e0 bord de notre Lican, notre organisation. La gestion de l&rsquo;eau Quand on a une cuve de\u00a0120 L, c&rsquo;est essentiel. Selon la destination, cela peut\u00a0 \u00eatre compliqu\u00e9 de faire le plein. Il faut donc apprendre \u00e0 faire durer ses r\u00e9serves. Dans le Lican, nous utilisons l&rsquo;eau pour tout, boisson &hellip; <\/p>\n","protected":false},"author":2,"featured_media":0,"parent":0,"menu_order":0,"comment_status":"closed","ping_status":"closed","template":"","meta":{"footnotes":""},"class_list":["post-2031","page","type-page","status-publish","hentry"],"_links":{"self":[{"href":"https:\/\/lican.fr\/index.php?rest_route=\/wp\/v2\/pages\/2031","targetHints":{"allow":["GET"]}}],"collection":[{"href":"https:\/\/lican.fr\/index.php?rest_route=\/wp\/v2\/pages"}],"about":[{"href":"https:\/\/lican.fr\/index.php?rest_route=\/wp\/v2\/types\/page"}],"author":[{"embeddable":true,"href":"https:\/\/lican.fr\/index.php?rest_route=\/wp\/v2\/users\/2"}],"replies":[{"embeddable":true,"href":"https:\/\/lican.fr\/index.php?rest_route=%2Fwp%2Fv2%2Fcomments&post=2031"}],"version-history":[{"count":4,"href":"https:\/\/lican.fr\/index.php?rest_route=\/wp\/v2\/pages\/2031\/revisions"}],"predecessor-version":[{"id":2214,"href":"https:\/\/lican.fr\/index.php?rest_route=\/wp\/v2\/pages\/2031\/revisions\/2214"}],"wp:attachment":[{"href":"https:\/\/lican.fr\/index.php?rest_route=%2Fwp%2Fv2%2Fmedia&parent=2031"}],"curies":[{"name":"wp","href":"https:\/\/api.w.org\/{rel}","templated":true}]}}