{"id":37,"date":"2022-03-11T22:03:12","date_gmt":"2022-03-11T21:03:12","guid":{"rendered":"http:\/\/lican.fr\/?page_id=37"},"modified":"2022-12-22T23:09:15","modified_gmt":"2022-12-22T22:09:15","slug":"le-lican","status":"publish","type":"page","link":"https:\/\/lican.fr\/?page_id=37","title":{"rendered":"Le Lican, USA"},"content":{"rendered":"\n<p>Nous l&rsquo;avons trouv\u00e9 en Californie. Apr\u00e8s plusieurs visites, ce sera un classe A de 31 pieds ! Un Winnebago de 31 pied.<\/p>\n\n\n\n<figure class=\"wp-block-image size-full\"><img loading=\"lazy\" decoding=\"async\" width=\"800\" height=\"400\" src=\"https:\/\/lican.fr\/wp-content\/uploads\/2022\/03\/2016_Winnebago_Vista_31BE.jpg\" alt=\"\" class=\"wp-image-46\" srcset=\"https:\/\/lican.fr\/wp-content\/uploads\/2022\/03\/2016_Winnebago_Vista_31BE.jpg 800w, https:\/\/lican.fr\/wp-content\/uploads\/2022\/03\/2016_Winnebago_Vista_31BE-300x150.jpg 300w, https:\/\/lican.fr\/wp-content\/uploads\/2022\/03\/2016_Winnebago_Vista_31BE-768x384.jpg 768w\" sizes=\"auto, (max-width: 800px) 100vw, 800px\" \/><\/figure>\n\n\n\n<p>Pour nous europ\u00e9ens c&rsquo;est \u00e9norme. C&rsquo;est une base de Ford V10, un chassis de camion, un grand lit, deux lits superpos\u00e9s, une vrai salle de bain, un lit de plafond, un vrai canap\u00e9, une cuisine exterieure, moult rangements !<\/p>\n\n\n\n<p>Autant dire qu&rsquo;ils n&rsquo;ont pas toute a fait les m\u00eames contraintes que nos v\u00e9hicules europ\u00e9ens ! <\/p>\n\n\n\n<p>On l&rsquo;a finalement trouv\u00e9 chez un dealer de Sandiego. Au moment ou nous avons proc\u00e9d\u00e9 a l&rsquo;achat, la vente de RV \u00e9tait en plein boom aux USA. La pand\u00e9mie de Covid a pouss\u00e9 les am\u00e9ricains vers les grands espaces. <\/p>\n\n\n\n<p>Une fois pass\u00e9 l&rsquo;\u00e9tape de non n\u00e9gociation, l&rsquo;assurance et trouver un endroit ou le stocker durant 5 mois. Nous avons pass\u00e9 ces \u00e9tapes avec succ\u00e8s. Nous reviendrons sur ces points dans de futurs articles. <\/p>\n\n\n\n<p>Toutes ces \u00e9tapes en 10 jours, vols compris ! <\/p>\n","protected":false},"excerpt":{"rendered":"<p>Nous l&rsquo;avons trouv\u00e9 en Californie. Apr\u00e8s plusieurs visites, ce sera un classe A de 31 pieds ! Un Winnebago de 31 pied. Pour nous europ\u00e9ens c&rsquo;est \u00e9norme. C&rsquo;est une base de Ford V10, un chassis de camion, un grand lit, deux lits superpos\u00e9s, une vrai salle de bain, un lit de plafond, un vrai canap\u00e9, une cuisine exterieure, moult rangements &hellip; <\/p>\n","protected":false},"author":2,"featured_media":0,"parent":0,"menu_order":0,"comment_status":"closed","ping_status":"closed","template":"","meta":{"footnotes":""},"class_list":["post-37","page","type-page","status-publish","hentry"],"_links":{"self":[{"href":"https:\/\/lican.fr\/index.php?rest_route=\/wp\/v2\/pages\/37","targetHints":{"allow":["GET"]}}],"collection":[{"href":"https:\/\/lican.fr\/index.php?rest_route=\/wp\/v2\/pages"}],"about":[{"href":"https:\/\/lican.fr\/index.php?rest_route=\/wp\/v2\/types\/page"}],"author":[{"embeddable":true,"href":"https:\/\/lican.fr\/index.php?rest_route=\/wp\/v2\/users\/2"}],"replies":[{"embeddable":true,"href":"https:\/\/lican.fr\/index.php?rest_route=%2Fwp%2Fv2%2Fcomments&post=37"}],"version-history":[{"count":4,"href":"https:\/\/lican.fr\/index.php?rest_route=\/wp\/v2\/pages\/37\/revisions"}],"predecessor-version":[{"id":1746,"href":"https:\/\/lican.fr\/index.php?rest_route=\/wp\/v2\/pages\/37\/revisions\/1746"}],"wp:attachment":[{"href":"https:\/\/lican.fr\/index.php?rest_route=%2Fwp%2Fv2%2Fmedia&parent=37"}],"curies":[{"name":"wp","href":"https:\/\/api.w.org\/{rel}","templated":true}]}}